{"id":2,"date":"2019-01-15T13:02:35","date_gmt":"2019-01-15T12:02:35","guid":{"rendered":"https:\/\/sdi.france-webdesign.com\/?page_id=2"},"modified":"2019-01-15T13:02:35","modified_gmt":"2019-01-15T12:02:35","slug":"page-d-exemple","status":"publish","type":"page","link":"https:\/\/cabinet-soudey.fr\/de\/page-d-exemple\/","title":{"rendered":"Beispielseite"},"content":{"rendered":"<p>Dies ist eine Beispielseite. Sie unterscheidet sich von einem Blogartikel, weil sie am selben Ort bleibt und in der Navigation Ihrer Website erscheint (in den meisten Designs). Die meisten Leute beginnen mit einer \"\u00dcber\"-Seite, auf der sie sich den Besuchern der Website vorstellen. Dies k\u00f6nnte in etwa so aussehen:<\/p>\n\n\n\n<blockquote class=\"wp-block-quote is-layout-flow wp-block-quote-is-layout-flow\"><p>Hallo!!! Ich bin ein Mechaniker, der anstrebt, Schauspieler zu werden, und hier ist meine Website. Ich lebe in Bordeaux, habe einen tollen Hund namens Russell und liebe Wodka-Ananas (sowie bei langen Spazierg\u00e4ngen am Strand bei Sonnenuntergang von pl\u00f6tzlichem Regen \u00fcberrascht zu werden).<\/p><\/blockquote>\n\n\n\n<p>... oder so \u00e4hnlich:<\/p>\n\n\n\n<blockquote class=\"wp-block-quote is-layout-flow wp-block-quote-is-layout-flow\"><p>Das Unternehmen 123 Machin Truc wurde 1971 gegr\u00fcndet und bietet der \u00d6ffentlichkeit seither kontinuierlich qualitativ hochwertige Dingsda an. Das in Saint-Remy-en-Bouzemont-Saint-Genest-et-Isson ans\u00e4ssige Unternehmen 123 Machin Truc besch\u00e4ftigt 2.000 Mitarbeiter und stellt alle Arten von Superdingern f\u00fcr die Gemeinde von Bouzemonto her.<\/p><\/blockquote>\n\n\n\n<p>Als neuer Benutzer oder neue Benutzerin von WordPress sollten Sie auf <a href=\"https:\/\/www.cabinet-soudey.fr\/wp-admin\/\">Ihr Anzeiger<\/a> um diese Seite zu l\u00f6schen und neue Seiten f\u00fcr Ihre Inhalte zu erstellen. Viel Spa\u00df!<\/p>","protected":false},"excerpt":{"rendered":"<p>Ceci est une page d\u2019exemple. C\u2019est diff\u00e9rent d\u2019un article de blog parce qu\u2019elle restera au m\u00eame endroit et appara\u00eetra dans la navigation de votre site (dans la plupart des th\u00e8mes). La plupart des gens commencent par une page \u00ab\u00a0\u00c0 propos\u00a0\u00bb qui les pr\u00e9sente aux visiteurs du site. Cela pourrait ressembler \u00e0 quelque chose comme cela\u00a0: [&hellip;]<\/p>","protected":false},"author":2,"featured_media":0,"parent":0,"menu_order":0,"comment_status":"closed","ping_status":"open","template":"","meta":{"_et_pb_use_builder":"","_et_pb_old_content":"","_et_gb_content_width":"","footnotes":""},"class_list":["post-2","page","type-page","status-publish","hentry"],"yoast_head":"<!-- This site is optimized with the Yoast SEO plugin v27.5 - https:\/\/yoast.com\/product\/yoast-seo-wordpress\/ -->\n<title>Page d\u2019exemple - Cabinet Soudey | Veules Les Roses Immobilier<\/title>\n<meta name=\"robots\" content=\"index, follow, max-snippet:-1, max-image-preview:large, max-video-preview:-1\" \/>\n<link rel=\"canonical\" href=\"https:\/\/cabinet-soudey.fr\/de\/page-d-exemple\/\" \/>\n<meta property=\"og:locale\" content=\"de_DE\" \/>\n<meta property=\"og:type\" content=\"article\" \/>\n<meta property=\"og:title\" content=\"Page d\u2019exemple - Cabinet Soudey | Veules Les Roses Immobilier\" \/>\n<meta property=\"og:description\" content=\"Ceci est une page d\u2019exemple. C\u2019est diff\u00e9rent d\u2019un article de blog parce qu\u2019elle restera au m\u00eame endroit et appara\u00eetra dans la navigation de votre site (dans la plupart des th\u00e8mes). La plupart des gens commencent par une page \u00ab\u00a0\u00c0 propos\u00a0\u00bb qui les pr\u00e9sente aux visiteurs du site. Cela pourrait ressembler \u00e0 quelque chose comme cela\u00a0: [&hellip;]\" \/>\n<meta property=\"og:url\" content=\"https:\/\/cabinet-soudey.fr\/de\/page-d-exemple\/\" \/>\n<meta property=\"og:site_name\" content=\"Cabinet Soudey | Veules Les Roses Immobilier\" \/>\n<meta name=\"twitter:card\" content=\"summary_large_image\" \/>\n<meta name=\"twitter:label1\" content=\"Gesch\u00e4tzte Lesezeit\" \/>\n\t<meta name=\"twitter:data1\" content=\"1\u00a0Minute\" \/>\n<script type=\"application\/ld+json\" class=\"yoast-schema-graph\">{\"@context\":\"https:\\\/\\\/schema.org\",\"@graph\":[{\"@type\":\"WebPage\",\"@id\":\"https:\\\/\\\/cabinet-soudey.fr\\\/page-d-exemple\\\/\",\"url\":\"https:\\\/\\\/cabinet-soudey.fr\\\/page-d-exemple\\\/\",\"name\":\"Page d\u2019exemple - Cabinet Soudey | Veules Les Roses Immobilier\",\"isPartOf\":{\"@id\":\"https:\\\/\\\/cabinet-soudey.fr\\\/#website\"},\"datePublished\":\"2019-01-15T12:02:35+00:00\",\"breadcrumb\":{\"@id\":\"https:\\\/\\\/cabinet-soudey.fr\\\/page-d-exemple\\\/#breadcrumb\"},\"inLanguage\":\"de\",\"potentialAction\":[{\"@type\":\"ReadAction\",\"target\":[\"https:\\\/\\\/cabinet-soudey.fr\\\/page-d-exemple\\\/\"]}]},{\"@type\":\"BreadcrumbList\",\"@id\":\"https:\\\/\\\/cabinet-soudey.fr\\\/page-d-exemple\\\/#breadcrumb\",\"itemListElement\":[{\"@type\":\"ListItem\",\"position\":1,\"name\":\"Home\",\"item\":\"https:\\\/\\\/cabinet-soudey.fr\\\/\"},{\"@type\":\"ListItem\",\"position\":2,\"name\":\"Page d\u2019exemple\"}]},{\"@type\":\"WebSite\",\"@id\":\"https:\\\/\\\/cabinet-soudey.fr\\\/#website\",\"url\":\"https:\\\/\\\/cabinet-soudey.fr\\\/\",\"name\":\"Cabinet Soudey | Veules Les Roses Immobilier\",\"description\":\"agence immobili\u00e8re en Normandie\",\"publisher\":{\"@id\":\"https:\\\/\\\/cabinet-soudey.fr\\\/#organization\"},\"potentialAction\":[{\"@type\":\"SearchAction\",\"target\":{\"@type\":\"EntryPoint\",\"urlTemplate\":\"https:\\\/\\\/cabinet-soudey.fr\\\/?s={search_term_string}\"},\"query-input\":{\"@type\":\"PropertyValueSpecification\",\"valueRequired\":true,\"valueName\":\"search_term_string\"}}],\"inLanguage\":\"de\"},{\"@type\":\"Organization\",\"@id\":\"https:\\\/\\\/cabinet-soudey.fr\\\/#organization\",\"name\":\"Cabinet Soudey - Immobilier \u00e0 Veules les Roses\",\"url\":\"https:\\\/\\\/cabinet-soudey.fr\\\/\",\"logo\":{\"@type\":\"ImageObject\",\"inLanguage\":\"de\",\"@id\":\"https:\\\/\\\/cabinet-soudey.fr\\\/#\\\/schema\\\/logo\\\/image\\\/\",\"url\":\"https:\\\/\\\/www.cabinet-soudey.fr\\\/wp-content\\\/uploads\\\/2020\\\/02\\\/logo-new-cropped.png\",\"contentUrl\":\"https:\\\/\\\/www.cabinet-soudey.fr\\\/wp-content\\\/uploads\\\/2020\\\/02\\\/logo-new-cropped.png\",\"width\":452,\"height\":469,\"caption\":\"Cabinet Soudey - Immobilier \u00e0 Veules les Roses\"},\"image\":{\"@id\":\"https:\\\/\\\/cabinet-soudey.fr\\\/#\\\/schema\\\/logo\\\/image\\\/\"}}]}<\/script>\n<!-- \/ Yoast SEO plugin. -->","yoast_head_json":{"title":"Page d\u2019exemple - Cabinet Soudey | Veules Les Roses Immobilier","robots":{"index":"index","follow":"follow","max-snippet":"max-snippet:-1","max-image-preview":"max-image-preview:large","max-video-preview":"max-video-preview:-1"},"canonical":"https:\/\/cabinet-soudey.fr\/de\/page-d-exemple\/","og_locale":"de_DE","og_type":"article","og_title":"Page d\u2019exemple - Cabinet Soudey | Veules Les Roses Immobilier","og_description":"Ceci est une page d\u2019exemple. C\u2019est diff\u00e9rent d\u2019un article de blog parce qu\u2019elle restera au m\u00eame endroit et appara\u00eetra dans la navigation de votre site (dans la plupart des th\u00e8mes). La plupart des gens commencent par une page \u00ab\u00a0\u00c0 propos\u00a0\u00bb qui les pr\u00e9sente aux visiteurs du site. Cela pourrait ressembler \u00e0 quelque chose comme cela\u00a0: [&hellip;]","og_url":"https:\/\/cabinet-soudey.fr\/de\/page-d-exemple\/","og_site_name":"Cabinet Soudey | Veules Les Roses Immobilier","twitter_card":"summary_large_image","twitter_misc":{"Gesch\u00e4tzte Lesezeit":"1\u00a0Minute"},"schema":{"@context":"https:\/\/schema.org","@graph":[{"@type":"WebPage","@id":"https:\/\/cabinet-soudey.fr\/page-d-exemple\/","url":"https:\/\/cabinet-soudey.fr\/page-d-exemple\/","name":"Page d\u2019exemple - Cabinet Soudey | Veules Les Roses Immobilier","isPartOf":{"@id":"https:\/\/cabinet-soudey.fr\/#website"},"datePublished":"2019-01-15T12:02:35+00:00","breadcrumb":{"@id":"https:\/\/cabinet-soudey.fr\/page-d-exemple\/#breadcrumb"},"inLanguage":"de","potentialAction":[{"@type":"ReadAction","target":["https:\/\/cabinet-soudey.fr\/page-d-exemple\/"]}]},{"@type":"BreadcrumbList","@id":"https:\/\/cabinet-soudey.fr\/page-d-exemple\/#breadcrumb","itemListElement":[{"@type":"ListItem","position":1,"name":"Home","item":"https:\/\/cabinet-soudey.fr\/"},{"@type":"ListItem","position":2,"name":"Page d\u2019exemple"}]},{"@type":"WebSite","@id":"https:\/\/cabinet-soudey.fr\/#website","url":"https:\/\/cabinet-soudey.fr\/","name":"Cabinet Soudey | Veules Les Roses Immobilier","description":"agence immobili\u00e8re en Normandie","publisher":{"@id":"https:\/\/cabinet-soudey.fr\/#organization"},"potentialAction":[{"@type":"SearchAction","target":{"@type":"EntryPoint","urlTemplate":"https:\/\/cabinet-soudey.fr\/?s={search_term_string}"},"query-input":{"@type":"PropertyValueSpecification","valueRequired":true,"valueName":"search_term_string"}}],"inLanguage":"de"},{"@type":"Organization","@id":"https:\/\/cabinet-soudey.fr\/#organization","name":"Cabinet Soudey - Immobilier \u00e0 Veules les Roses","url":"https:\/\/cabinet-soudey.fr\/","logo":{"@type":"ImageObject","inLanguage":"de","@id":"https:\/\/cabinet-soudey.fr\/#\/schema\/logo\/image\/","url":"https:\/\/www.cabinet-soudey.fr\/wp-content\/uploads\/2020\/02\/logo-new-cropped.png","contentUrl":"https:\/\/www.cabinet-soudey.fr\/wp-content\/uploads\/2020\/02\/logo-new-cropped.png","width":452,"height":469,"caption":"Cabinet Soudey - Immobilier \u00e0 Veules les Roses"},"image":{"@id":"https:\/\/cabinet-soudey.fr\/#\/schema\/logo\/image\/"}}]}},"_links":{"self":[{"href":"https:\/\/cabinet-soudey.fr\/de\/wp-json\/wp\/v2\/pages\/2","targetHints":{"allow":["GET"]}}],"collection":[{"href":"https:\/\/cabinet-soudey.fr\/de\/wp-json\/wp\/v2\/pages"}],"about":[{"href":"https:\/\/cabinet-soudey.fr\/de\/wp-json\/wp\/v2\/types\/page"}],"author":[{"embeddable":true,"href":"https:\/\/cabinet-soudey.fr\/de\/wp-json\/wp\/v2\/users\/2"}],"replies":[{"embeddable":true,"href":"https:\/\/cabinet-soudey.fr\/de\/wp-json\/wp\/v2\/comments?post=2"}],"version-history":[{"count":0,"href":"https:\/\/cabinet-soudey.fr\/de\/wp-json\/wp\/v2\/pages\/2\/revisions"}],"wp:attachment":[{"href":"https:\/\/cabinet-soudey.fr\/de\/wp-json\/wp\/v2\/media?parent=2"}],"curies":[{"name":"wp","href":"https:\/\/api.w.org\/{rel}","templated":true}]}}