{"id":148658,"date":"2020-06-30T15:31:58","date_gmt":"2020-06-30T13:31:58","guid":{"rendered":"https:\/\/sdi.france-webdesign.com\/?page_id=148658"},"modified":"2021-06-22T09:00:53","modified_gmt":"2021-06-22T07:00:53","slug":"recrutement","status":"publish","type":"page","link":"https:\/\/cabinet-soudey.fr\/en\/recrutement\/","title":{"rendered":"Recruitment"},"content":{"rendered":"<p>[et_pb_section fb_built=\"1\u2033 admin_label=\"Hero section \" _builder_version=\"4.8.1\u2033 background_color=\"rgba(0,0,0.29) \" background_image=\"https:\/\/www.cabinet-soudey.fr\/wp-content\/uploads\/2021\/02\/recrutement-immobilier-normandie.jpg \" background_blend=\"overlay \" custom_margin=\"||-4px|||\" custom_padding=\"3.2%||3.2%||true|\"][et_pb_row _builder_version=\"3.25\u2033 custom_margin=\"35px|auto|||auto|| \"][et_pb_column type=\"4_4\u2033 _builder_version=\"3.25\u2033 custom_padding=\"1px|||| \" custom_padding__hover=\"||| \"][et_pb_cta title=\"Recruitment \" button_url=\"# \" _builder_version=\"4.9.7\u2033 header_level=\"h1\u2033 header_font=\"Lato|900||on||||| \" header_font_size=\"60px \" header_letter_spacing=\"2px \" header_line_height=\"1.2em \" body_font=\"Lato|||||||| \" body_font_size=\"20px \" body_line_height=\"1.8em \" use_background_color=\"off \" custom_button=\"on \" button_text_size=\"16px \" button_text_color=\"#ffffff \" button_bg_color=\"#fa7f28\u2033 button_border_width=\"6px \" button_border_color=\"#fa7f28\u2033 button_border_radius=\"5px \" button_letter_spacing=\"2px \" button_font=\"Lato|900||on||||| \" text_orientation=\"left \" max_width=\"1048px \" module_alignment=\"left \" custom_margin=\"|120px|||| \" custom_padding=\"||15px||| \" animation_style=\"fold \" animation_intensity_fold=\"16% \" hover_enabled=\"0\u2033 header_font_size_tablet=\"46px \" header_font_size_phone=\"37px \" header_font_size_last_edited=\"on|tablet \" header_text_shadow_style=\"preset1\u2033 header_text_shadow_blur_strength=\"0.6em \" header_text_shadow_color=\"rgba(0,0,0,0.6) \" box_shadow_style_button=\"preset3\u2033 box_shadow_blur_button=\"30px \" box_shadow_spread_button=\"8px \" box_shadow_color_button=\"rgba(250,127,40,0.15) \" button_letter_spacing_hover=\"2px \" button_text_size__hover_enabled=\"off \" button_one_text_size__hover_enabled=\"off \" button_two_text_size__hover_enabled=\"off \" button_text_color__hover_enabled=\"off \" button_one_text_color__hover_enabled=\"off \" button_two_text_color__hover_enabled=\"off \" button_border_width__hover_enabled=\"off \" button_one_border_width__hover_enabled=\"off \" button_two_border_width__hover_enabled=\"off \" button_border_color__hover_enabled=\"off \" button_one_border_color__hover_enabled= \"off \" button_two_border_color__hover_enabled=\"off \" button_border_radius__hover_enabled=\"off \" button_one_border_radius__hover_enabled=\"off \" button_two_border_radius__hover_enabled=\"off \" button_letter_spacing__hover_enabled=\"on \" button_letter_spacing__hover= \"2px\" button_one_letter_spacing__hover_enabled=\"off\" button_two_letter_spacing__hover_enabled=\"off\" button_bg_color__hover_enabled=\"off\" button_one_bg_color__hover_enabled=\"off\" button_two_bg_color__hover_enabled=\"off\" sticky_enabled=\"0\u2033]<\/p>\n<p>Your FNAIM real estate agency in Veules Les Roses<\/p>\n<p>[\/et_pb_cta][\/et_pb_column][\/et_pb_row][\/et_pb_section][et_pb_section fb_built=\"1\u2033 _builder_version=\"4.4.1\u2033 background_color=\"rgba(0,0,0,0) \" custom_margin=\"2px||47px||false|false \" custom_padding=\"0px||0px|||\"][et_pb_row use_custom_gutter=\"on \" gutter_width=\"1\u2033 _builder_version=\"4.4.3\u2033 background_color=\"rgba(0,0,0,0) \" background_enable_image=\"off \" background_size=\"contain \" width=\"85% \" max_width=\"2076px \" custom_margin=\"26px|auto|26px|auto|true|false \" custom_padding=\"33px|0px|33px|0px|true|false \" animation_style=\"slide \" animation_direction=\"bottom \" animation_intensity_slide=\"6% \" animation_starting_opacity=\"100% \" custom_css_main_element=\"background-size:50%; \" border_color_all=\"#000000\u2033 box_shadow_style=\"preset2\u2033 box_shadow_horizontal=\"8px \" box_shadow_vertical=\"8px \" box_shadow_color=\"rgba(0,0,0,0.25) \" custom_width_px=\"1280px \"][et_pb_column type=\"4_4\u2033 _builder_version=\"4.4.3\u2033 custom_padding=\"|40px||40px|true|false \" custom_padding__hover=\"||| \"][et_pb_text _builder_version=\"4.9.7\u2033 text_font=\"Lato|||||||| \" text_text_color=\"#000000\u2033 text_font_size=\"16px \" text_line_height=\"1.4em \" header_font=\"|||||||| \" header_2_font=\"Lato|||||||| \" header_3_font=\"Lato|700||||||| \" header_3_text_color=\"#4f4f6f \" header_3_font_size=\"36px \" header_3_line_height=\"1.5em \" custom_margin=\"3px||||| \" custom_padding=\"3px||||| \" hover_enabled=\"0\u2033 border_color_all=\"rgba(51,51,51,0.12) \" sticky_enabled=\"0\u2033]<span class=\"lettrine\" style=\"top:0 !important;vertical-align:top;\">P<\/span>SOUDEY is recruiting a sales representative for its VEULES LES ROSES branch.<\/p>\n<p>Rigour, transparency, the ability to listen and availability are your main qualities.<\/p>\n<p>You know the property business inside out, you're willing to train regularly, you do what you say... and you say what you do! You'll be rewarded with good pay and a great atmosphere!<\/p>\n<p>Send your CV to the agency or contact us using the form below.<\/p>\n<p>&nbsp;[\/et_pb_text][\/et_pb_column][\/et_pb_row][\/et_pb_section][et_pb_section fb_built=\"1\u2033 _builder_version=\"4.8.1\u2033 background_color=\"rgba(255,255,255,0.87) \" background_image=\"https:\/\/www.cabinet-soudey.fr\/wp-content\/uploads\/2021\/02\/immobilier-cote-albatre-4.jpg \" background_blend= \"overlay \" custom_padding= \"6px||5px||| \" custom_css_main_element= \"background-attachment: fixed; \" global_module=\"18854\u2033][et_pb_row column_structure=\"1_2,1_2\u2033 _builder_version=\"4.4.2\u2033 width=\"85% \" max_width=\"1774px \" custom_padding=\"9px||11px||| \"][et_pb_column type=\"1_2\u2033 _builder_version=\"4.3.2\u2033][et_pb_text _builder_version=\"4.8.1\u2033 custom_margin=\"||5px||| \"]<\/p>\n<p><img loading=\"lazy\" decoding=\"async\" src=\"\/wp-content\/uploads\/2021\/02\/veules-les-roses-immobilier-1.png\" width=\"249\" height=\"81\" alt=\"\" class=\"wp-image-20687 alignnone size-full\" style=\"float: left; padding: 3%;\" \/><\/p>\n<p style=\"text-align: justify;\">Located in <strong>VEULES-LES-ROSES<\/strong> for over 70 years, the <strong>SOUDEY office<\/strong> knows every alleyway and perhaps every house in the village.<\/p>\n<p>As a long-standing contact for many people in Vevey, SOUDEY will be able to help you with your purchase or sale project.<\/p>\n<p>The reputation of VEULES-LES-ROSES - which extends far beyond our borders - attracts tens of thousands of visitors every year, and many of them want to buy or rent a house on the C\u00f4te d'Alb\u00e2tre. Naturally, they contact Cabinet SOUDEY, the only agency in the village and its immediate surroundings.<\/p>\n<p>VEULES-LES-ROSES, SOTTEVILLE-SUR-MER, SAINT-AUBIN SUR MER, QUIBERVILLE, ANGIENS, BLOSSEVILLE SUR MER, ICLON, LA CHAPELLE SUR DUN - and many more - are all charming places that are in demand by customers who are primarily looking for a second home, but sometimes also a main residence.<br \/>\u00a0Don't hesitate to tell us about your project, we'll be happy to help. Our estimates are immediate and free of charge.<\/p>\n<p>Michel Lecat, head of Cabinet SOUDEY, is a qualified real estate valuer from the Centre National de l'Expertise.<\/p>\n<p>[\/et_pb_text][\/et_pb_column][et_pb_column type=\"1_2\u2033 _builder_version=\"4.3.2\u2033][et_pb_contact_form use_spam_service=\"on \" recaptcha_list=\"soudey|soudey-0\u2033 email=\"info@cabinet-soudey.fr\" title=\"Contact the agency\" custom_message=\"Message from Cabinet Soudey's contact form (footer)||et_pb_line_break_holder||||et_pb_line_break_holder|Name: %%Name%%||et_pb_line_break_holder||Email: %%Email%%||et_pb_line_break_holder||||et_pb_line_break_holder||Tel: %%Tel%%||et_pb_line_break_holder||Message: %%Message%%||et_pb_line_break_holder||||et_pb_line_break_holder|| \" success_message=\"Message sent, thank you \" submit_button_text=\"Send \" _builder_version=\"4.9.4\u2033 form_field_background_color=\"rgba(0,0,0,0.06) \" title_level=\"h2\u2033 title_font=\"|||||||| \" title_text_color=\"#bf213f \" custom_button=\"on \" button_text_size=\"18px \" button_text_color=\"#ffffff \" button_bg_color=\"#bf213f \" button_border_width=\"0px \" button_border_radius=\"2px \" button_icon_color= \"#bf213f \" button_custom_margin=\"5px||5px||true|false \" button_custom_padding=\"0px||0px||false|false \" custom_margin=\"31px||||false|false \" custom_padding=\"0px||||false|false \"][et_pb_contact_field field_id=\"Name\" field_title=\"Name\" _builder_version=\"4.4.3\u2033 button_text_size__hover_enabled=\"off \" button_one_text_size__hover_enabled=\"off \" button_two_text_size__hover_enabled=\"off \" button_text_color__hover_enabled=\"off \" button_one_text_color__hover_enabled=\"off \" button_two_text_color__hover_enabled=\"off \" button_border_width__hover_enabled=\"off \" button_one_border_width__hover_enabled=\"off \" button_two_border_width__hover_enabled=\"off \" button_border_color__hover_enabled=\"off \" button_one_border_color__hover_enabled=\"off \" button_two_border_color__hover_enabled=\"off \" button_border_radius__hover_enabled=\"off \" button_one_border_radius__hover_enabled=\"off \" button_two_border_radius__hover_enabled=\"off \" button_letter_spacing__hover_enabled=\"off \" button_one_letter_spacing__hover_enabled=\"off \" button_two_letter_spacing__hover_enabled= \"off\" button_bg_color__hover_enabled=\"off\" button_one_bg_color__hover_enabled=\"off\" button_two_bg_color__hover_enabled=\"off\"][\/et_pb_contact_field][et_pb_contact_field field_id=\"Email\" field_title=\"Email\" field_type=\"email\" _builder_version=\"4.4.3\u2033 button_text_size__hover_enabled=\"off \" button_one_text_size__hover_enabled=\"off \" button_two_text_size__hover_enabled=\"off \" button_text_color__hover_enabled=\"off \" button_one_text_color__hover_enabled=\"off \" button_two_text_color__hover_enabled=\"off \" button_border_width__hover_enabled=\"off \" button_one_border_width__hover_enabled=\"off \" button_two_border_width__hover_enabled=\"off \" button_border_color__hover_enabled=\"off \" button_one_border_color__hover_enabled=\"off \" button_two_border_color__hover_enabled=\"off \" button_border_radius__hover_enabled=\"off \" button_one_border_radius__hover_enabled=\"off \" button_two_border_radius__hover_enabled=\"off \" button_letter_spacing__hover_enabled=\"off \" button_one_letter_spacing__hover_enabled=\"off \" button_two_letter_spacing__hover_enabled= \"off \" button_bg_color__hover_enabled=\"off \" button_one_bg_color__hover_enabled=\"off \" button_two_bg_color__hover_enabled=\"off \"][\/et_pb_contact_field][et_pb_contact_field field_id=\"tel \" field_title=\"Telephone \" fullwidth_field=\"on \" _builder_version=\"4.4.3\u2033 button_text_size__hover_enabled=\"off \" button_one_text_size__hover_enabled=\"off \" button_two_text_size__hover_enabled=\"off \" button_text_color__hover_enabled=\"off \" button_one_text_color__hover_enabled=\"off \" button_two_text_color__hover_enabled=\"off \" button_border_width__hover_enabled=\"off \" button_one_border_width__hover_enabled=\"off \" button_two_border_width__hover_enabled=\"off \" button_border_color__hover_enabled=\"off \" button_one_border_color__hover_enabled=\"off \" button_two_border_color__hover_enabled=\"off \" button_border_radius__hover_enabled=\"off \" button_one_border_radius__hover_enabled=\"off \" button_two_border_radius__hover_enabled=\"off \" button_letter_spacing__hover_enabled=\"off \" button_one_letter_spacing__hover_enabled=\"off \" button_two_letter_spacing__hover_enabled=\"off \"button_bg_color__hover_enabled=\"off\" button_one_bg_color__hover_enabled=\"off\" button_two_bg_color__hover_enabled=\"off\"][\/et_pb_contact_field][et_pb_contact_field field_id=\"Message\" field_title=\"Message\" field_type=\"text\" fullwidth_field=\"on\" _builder_version=\"4.4.3\u2033 button_text_size__hover_enabled=\"off \" button_one_text_size__hover_enabled=\"off \" button_two_text_size__hover_enabled=\"off \" button_text_color__hover_enabled=\"off \" button_one_text_color__hover_enabled=\"off \" button_two_text_color__hover_enabled=\"off \" button_border_width__hover_enabled=\"off \" button_one_border_width__hover_enabled=\"off \" button_two_border_width__hover_enabled=\"off \" button_border_color__hover_enabled=\"off \" button_one_border_color__hover_enabled=\"off \" button_two_border_color__hover_enabled= \"off \" button_border_radius__hover_enabled=\"off \" button_one_border_radius__hover_enabled=\"off \" button_two_border_radius__hover_enabled=\"off \" button_letter_spacing__hover_enabled=\"off \" button_one_letter_spacing__hover_enabled=\"off \" button_two_letter_spacing__hover_enabled=\"off \" button_bg_color__hover_enabled=\"off \" button_one_bg_color__hover_enabled=\"off \" button_two_bg_color__hover_enabled=\"off \"][\/et_pb_contact_field][\/et_pb_contact_form][\/et_pb_column][\/et_pb_row][\/et_pb_section]<\/p>","protected":false},"excerpt":{"rendered":"<p>Your FNAIM estate agency in Veules Les RosesFor its VEULES LES ROSES agency, Cabinet SOUDEY is recruiting (M\/F) a sales agent. Rigour, transparency, the ability to listen and availability are your main qualities. You know the real estate business inside out, you are willing to train regularly, you do what you say... and you say [...].<\/p>","protected":false},"author":2,"featured_media":0,"parent":0,"menu_order":0,"comment_status":"closed","ping_status":"closed","template":"","meta":{"_et_pb_use_builder":"on","_et_pb_old_content":"","_et_gb_content_width":"","footnotes":""},"class_list":["post-148658","page","type-page","status-publish","hentry"],"yoast_head":"<!-- This site is optimized with the Yoast SEO plugin v27.4 - https:\/\/yoast.com\/product\/yoast-seo-wordpress\/ -->\n<title>Recrutement - Cabinet Soudey | Veules Les Roses Immobilier<\/title>\n<meta name=\"description\" content=\"Recrutement immobilier \u00e0 Saint Denis. Notre agence immobili\u00e8re recrute des veudeurs, agents, gestionnaires de biens immobiliers \u00e0 Saint Denis\" \/>\n<meta name=\"robots\" content=\"index, follow, max-snippet:-1, max-image-preview:large, max-video-preview:-1\" \/>\n<link rel=\"canonical\" href=\"https:\/\/cabinet-soudey.fr\/en\/recrutement\/\" \/>\n<meta property=\"og:locale\" content=\"en_GB\" \/>\n<meta property=\"og:type\" content=\"article\" \/>\n<meta property=\"og:title\" content=\"Recrutement - Cabinet Soudey | Veules Les Roses Immobilier\" \/>\n<meta property=\"og:description\" content=\"Recrutement immobilier \u00e0 Saint Denis. Notre agence immobili\u00e8re recrute des veudeurs, agents, gestionnaires de biens immobiliers \u00e0 Saint Denis\" \/>\n<meta property=\"og:url\" content=\"https:\/\/cabinet-soudey.fr\/en\/recrutement\/\" \/>\n<meta property=\"og:site_name\" content=\"Cabinet Soudey | Veules Les Roses Immobilier\" \/>\n<meta property=\"article:modified_time\" content=\"2021-06-22T07:00:53+00:00\" \/>\n<meta name=\"twitter:card\" content=\"summary_large_image\" \/>\n<meta name=\"twitter:label1\" content=\"Estimated reading time\" \/>\n\t<meta name=\"twitter:data1\" content=\"9 minutes\" \/>\n<script type=\"application\/ld+json\" class=\"yoast-schema-graph\">{\"@context\":\"https:\\\/\\\/schema.org\",\"@graph\":[{\"@type\":\"WebPage\",\"@id\":\"https:\\\/\\\/cabinet-soudey.fr\\\/recrutement\\\/\",\"url\":\"https:\\\/\\\/cabinet-soudey.fr\\\/recrutement\\\/\",\"name\":\"Recrutement - Cabinet Soudey | Veules Les Roses Immobilier\",\"isPartOf\":{\"@id\":\"https:\\\/\\\/cabinet-soudey.fr\\\/#website\"},\"datePublished\":\"2020-06-30T13:31:58+00:00\",\"dateModified\":\"2021-06-22T07:00:53+00:00\",\"description\":\"Recrutement immobilier \u00e0 Saint Denis. Notre agence immobili\u00e8re recrute des veudeurs, agents, gestionnaires de biens immobiliers \u00e0 Saint Denis\",\"breadcrumb\":{\"@id\":\"https:\\\/\\\/cabinet-soudey.fr\\\/recrutement\\\/#breadcrumb\"},\"inLanguage\":\"en-GB\",\"potentialAction\":[{\"@type\":\"ReadAction\",\"target\":[\"https:\\\/\\\/cabinet-soudey.fr\\\/recrutement\\\/\"]}]},{\"@type\":\"BreadcrumbList\",\"@id\":\"https:\\\/\\\/cabinet-soudey.fr\\\/recrutement\\\/#breadcrumb\",\"itemListElement\":[{\"@type\":\"ListItem\",\"position\":1,\"name\":\"Home\",\"item\":\"https:\\\/\\\/cabinet-soudey.fr\\\/\"},{\"@type\":\"ListItem\",\"position\":2,\"name\":\"Recrutement\"}]},{\"@type\":\"WebSite\",\"@id\":\"https:\\\/\\\/cabinet-soudey.fr\\\/#website\",\"url\":\"https:\\\/\\\/cabinet-soudey.fr\\\/\",\"name\":\"Cabinet Soudey | Veules Les Roses Immobilier\",\"description\":\"agence immobili\u00e8re en Normandie\",\"publisher\":{\"@id\":\"https:\\\/\\\/cabinet-soudey.fr\\\/#organization\"},\"potentialAction\":[{\"@type\":\"SearchAction\",\"target\":{\"@type\":\"EntryPoint\",\"urlTemplate\":\"https:\\\/\\\/cabinet-soudey.fr\\\/?s={search_term_string}\"},\"query-input\":{\"@type\":\"PropertyValueSpecification\",\"valueRequired\":true,\"valueName\":\"search_term_string\"}}],\"inLanguage\":\"en-GB\"},{\"@type\":\"Organization\",\"@id\":\"https:\\\/\\\/cabinet-soudey.fr\\\/#organization\",\"name\":\"Cabinet Soudey - Immobilier \u00e0 Veules les Roses\",\"url\":\"https:\\\/\\\/cabinet-soudey.fr\\\/\",\"logo\":{\"@type\":\"ImageObject\",\"inLanguage\":\"en-GB\",\"@id\":\"https:\\\/\\\/cabinet-soudey.fr\\\/#\\\/schema\\\/logo\\\/image\\\/\",\"url\":\"https:\\\/\\\/www.cabinet-soudey.fr\\\/wp-content\\\/uploads\\\/2020\\\/02\\\/logo-new-cropped.png\",\"contentUrl\":\"https:\\\/\\\/www.cabinet-soudey.fr\\\/wp-content\\\/uploads\\\/2020\\\/02\\\/logo-new-cropped.png\",\"width\":452,\"height\":469,\"caption\":\"Cabinet Soudey - Immobilier \u00e0 Veules les Roses\"},\"image\":{\"@id\":\"https:\\\/\\\/cabinet-soudey.fr\\\/#\\\/schema\\\/logo\\\/image\\\/\"}}]}<\/script>\n<!-- \/ Yoast SEO plugin. -->","yoast_head_json":{"title":"Recrutement - Cabinet Soudey | Veules Les Roses Immobilier","description":"Recrutement immobilier \u00e0 Saint Denis. Notre agence immobili\u00e8re recrute des veudeurs, agents, gestionnaires de biens immobiliers \u00e0 Saint Denis","robots":{"index":"index","follow":"follow","max-snippet":"max-snippet:-1","max-image-preview":"max-image-preview:large","max-video-preview":"max-video-preview:-1"},"canonical":"https:\/\/cabinet-soudey.fr\/en\/recrutement\/","og_locale":"en_GB","og_type":"article","og_title":"Recrutement - Cabinet Soudey | Veules Les Roses Immobilier","og_description":"Recrutement immobilier \u00e0 Saint Denis. Notre agence immobili\u00e8re recrute des veudeurs, agents, gestionnaires de biens immobiliers \u00e0 Saint Denis","og_url":"https:\/\/cabinet-soudey.fr\/en\/recrutement\/","og_site_name":"Cabinet Soudey | Veules Les Roses Immobilier","article_modified_time":"2021-06-22T07:00:53+00:00","twitter_card":"summary_large_image","twitter_misc":{"Estimated reading time":"9 minutes"},"schema":{"@context":"https:\/\/schema.org","@graph":[{"@type":"WebPage","@id":"https:\/\/cabinet-soudey.fr\/recrutement\/","url":"https:\/\/cabinet-soudey.fr\/recrutement\/","name":"Recrutement - Cabinet Soudey | Veules Les Roses Immobilier","isPartOf":{"@id":"https:\/\/cabinet-soudey.fr\/#website"},"datePublished":"2020-06-30T13:31:58+00:00","dateModified":"2021-06-22T07:00:53+00:00","description":"Recrutement immobilier \u00e0 Saint Denis. Notre agence immobili\u00e8re recrute des veudeurs, agents, gestionnaires de biens immobiliers \u00e0 Saint Denis","breadcrumb":{"@id":"https:\/\/cabinet-soudey.fr\/recrutement\/#breadcrumb"},"inLanguage":"en-GB","potentialAction":[{"@type":"ReadAction","target":["https:\/\/cabinet-soudey.fr\/recrutement\/"]}]},{"@type":"BreadcrumbList","@id":"https:\/\/cabinet-soudey.fr\/recrutement\/#breadcrumb","itemListElement":[{"@type":"ListItem","position":1,"name":"Home","item":"https:\/\/cabinet-soudey.fr\/"},{"@type":"ListItem","position":2,"name":"Recrutement"}]},{"@type":"WebSite","@id":"https:\/\/cabinet-soudey.fr\/#website","url":"https:\/\/cabinet-soudey.fr\/","name":"Cabinet Soudey | Veules Les Roses Immobilier","description":"agence immobili\u00e8re en Normandie","publisher":{"@id":"https:\/\/cabinet-soudey.fr\/#organization"},"potentialAction":[{"@type":"SearchAction","target":{"@type":"EntryPoint","urlTemplate":"https:\/\/cabinet-soudey.fr\/?s={search_term_string}"},"query-input":{"@type":"PropertyValueSpecification","valueRequired":true,"valueName":"search_term_string"}}],"inLanguage":"en-GB"},{"@type":"Organization","@id":"https:\/\/cabinet-soudey.fr\/#organization","name":"Cabinet Soudey - Immobilier \u00e0 Veules les Roses","url":"https:\/\/cabinet-soudey.fr\/","logo":{"@type":"ImageObject","inLanguage":"en-GB","@id":"https:\/\/cabinet-soudey.fr\/#\/schema\/logo\/image\/","url":"https:\/\/www.cabinet-soudey.fr\/wp-content\/uploads\/2020\/02\/logo-new-cropped.png","contentUrl":"https:\/\/www.cabinet-soudey.fr\/wp-content\/uploads\/2020\/02\/logo-new-cropped.png","width":452,"height":469,"caption":"Cabinet Soudey - Immobilier \u00e0 Veules les Roses"},"image":{"@id":"https:\/\/cabinet-soudey.fr\/#\/schema\/logo\/image\/"}}]}},"_links":{"self":[{"href":"https:\/\/cabinet-soudey.fr\/en\/wp-json\/wp\/v2\/pages\/148658","targetHints":{"allow":["GET"]}}],"collection":[{"href":"https:\/\/cabinet-soudey.fr\/en\/wp-json\/wp\/v2\/pages"}],"about":[{"href":"https:\/\/cabinet-soudey.fr\/en\/wp-json\/wp\/v2\/types\/page"}],"author":[{"embeddable":true,"href":"https:\/\/cabinet-soudey.fr\/en\/wp-json\/wp\/v2\/users\/2"}],"replies":[{"embeddable":true,"href":"https:\/\/cabinet-soudey.fr\/en\/wp-json\/wp\/v2\/comments?post=148658"}],"version-history":[{"count":0,"href":"https:\/\/cabinet-soudey.fr\/en\/wp-json\/wp\/v2\/pages\/148658\/revisions"}],"wp:attachment":[{"href":"https:\/\/cabinet-soudey.fr\/en\/wp-json\/wp\/v2\/media?parent=148658"}],"curies":[{"name":"wp","href":"https:\/\/api.w.org\/{rel}","templated":true}]}}