{"id":2,"date":"2019-01-15T13:02:35","date_gmt":"2019-01-15T12:02:35","guid":{"rendered":"https:\/\/sdi.france-webdesign.com\/?page_id=2"},"modified":"2019-01-15T13:02:35","modified_gmt":"2019-01-15T12:02:35","slug":"page-d-exemple","status":"publish","type":"page","link":"https:\/\/cabinet-soudey.fr\/en\/page-d-exemple\/","title":{"rendered":"Example page"},"content":{"rendered":"<p>This is an example page. It's different from a blog post because it will stay in the same place and appear in your site navigation (in most themes). Most people start with an 'About' page that introduces them to site visitors. It might look something like this:<\/p>\n\n\n\n<blockquote class=\"wp-block-quote is-layout-flow wp-block-quote-is-layout-flow\"><p>Hello ! I'm a mechanic who wants to be an actor, and this is my website. I live in Bordeaux, have a great dog called Russell, and love vodka and pineapple (as well as being surprised by sudden rain during long walks on the beach at sunset).<\/p><\/blockquote>\n\n\n\n<p>... or something like that:<\/p>\n\n\n\n<blockquote class=\"wp-block-quote is-layout-flow wp-block-quote-is-layout-flow\"><p>123 Machin Truc was founded in 1971, and has been providing the public with quality contraption ever since. Located in Saint-Remy-en-Bouzemont-Saint-Genest-et-Isson, 123 Machin Truc employs 2,000 people, and manufactures all kinds of cool gadgets for the Bouzemont community.<\/p><\/blockquote>\n\n\n\n<p>As a new WordPress user, you should go to <a href=\"https:\/\/www.cabinet-soudey.fr\/wp-admin\/\">your dashboard<\/a> to delete this page and create new pages for your content. Have fun!<\/p>","protected":false},"excerpt":{"rendered":"<p>Ceci est une page d\u2019exemple. C\u2019est diff\u00e9rent d\u2019un article de blog parce qu\u2019elle restera au m\u00eame endroit et appara\u00eetra dans la navigation de votre site (dans la plupart des th\u00e8mes). La plupart des gens commencent par une page \u00ab\u00a0\u00c0 propos\u00a0\u00bb qui les pr\u00e9sente aux visiteurs du site. Cela pourrait ressembler \u00e0 quelque chose comme cela\u00a0: [&hellip;]<\/p>","protected":false},"author":2,"featured_media":0,"parent":0,"menu_order":0,"comment_status":"closed","ping_status":"open","template":"","meta":{"_et_pb_use_builder":"","_et_pb_old_content":"","_et_gb_content_width":"","footnotes":""},"class_list":["post-2","page","type-page","status-publish","hentry"],"yoast_head":"<!-- This site is optimized with the Yoast SEO plugin v27.5 - https:\/\/yoast.com\/product\/yoast-seo-wordpress\/ -->\n<title>Page d\u2019exemple - Cabinet Soudey | Veules Les Roses Immobilier<\/title>\n<meta name=\"robots\" content=\"index, follow, max-snippet:-1, max-image-preview:large, max-video-preview:-1\" \/>\n<link rel=\"canonical\" href=\"https:\/\/cabinet-soudey.fr\/en\/page-d-exemple\/\" \/>\n<meta property=\"og:locale\" content=\"en_GB\" \/>\n<meta property=\"og:type\" content=\"article\" \/>\n<meta property=\"og:title\" content=\"Page d\u2019exemple - Cabinet Soudey | Veules Les Roses Immobilier\" \/>\n<meta property=\"og:description\" content=\"Ceci est une page d\u2019exemple. C\u2019est diff\u00e9rent d\u2019un article de blog parce qu\u2019elle restera au m\u00eame endroit et appara\u00eetra dans la navigation de votre site (dans la plupart des th\u00e8mes). La plupart des gens commencent par une page \u00ab\u00a0\u00c0 propos\u00a0\u00bb qui les pr\u00e9sente aux visiteurs du site. Cela pourrait ressembler \u00e0 quelque chose comme cela\u00a0: [&hellip;]\" \/>\n<meta property=\"og:url\" content=\"https:\/\/cabinet-soudey.fr\/en\/page-d-exemple\/\" \/>\n<meta property=\"og:site_name\" content=\"Cabinet Soudey | Veules Les Roses Immobilier\" \/>\n<meta name=\"twitter:card\" content=\"summary_large_image\" \/>\n<meta name=\"twitter:label1\" content=\"Estimated reading time\" \/>\n\t<meta name=\"twitter:data1\" content=\"1 minute\" \/>\n<script type=\"application\/ld+json\" class=\"yoast-schema-graph\">{\"@context\":\"https:\\\/\\\/schema.org\",\"@graph\":[{\"@type\":\"WebPage\",\"@id\":\"https:\\\/\\\/cabinet-soudey.fr\\\/page-d-exemple\\\/\",\"url\":\"https:\\\/\\\/cabinet-soudey.fr\\\/page-d-exemple\\\/\",\"name\":\"Page d\u2019exemple - Cabinet Soudey | Veules Les Roses Immobilier\",\"isPartOf\":{\"@id\":\"https:\\\/\\\/cabinet-soudey.fr\\\/#website\"},\"datePublished\":\"2019-01-15T12:02:35+00:00\",\"breadcrumb\":{\"@id\":\"https:\\\/\\\/cabinet-soudey.fr\\\/page-d-exemple\\\/#breadcrumb\"},\"inLanguage\":\"en-GB\",\"potentialAction\":[{\"@type\":\"ReadAction\",\"target\":[\"https:\\\/\\\/cabinet-soudey.fr\\\/page-d-exemple\\\/\"]}]},{\"@type\":\"BreadcrumbList\",\"@id\":\"https:\\\/\\\/cabinet-soudey.fr\\\/page-d-exemple\\\/#breadcrumb\",\"itemListElement\":[{\"@type\":\"ListItem\",\"position\":1,\"name\":\"Home\",\"item\":\"https:\\\/\\\/cabinet-soudey.fr\\\/\"},{\"@type\":\"ListItem\",\"position\":2,\"name\":\"Page d\u2019exemple\"}]},{\"@type\":\"WebSite\",\"@id\":\"https:\\\/\\\/cabinet-soudey.fr\\\/#website\",\"url\":\"https:\\\/\\\/cabinet-soudey.fr\\\/\",\"name\":\"Cabinet Soudey | Veules Les Roses Immobilier\",\"description\":\"agence immobili\u00e8re en Normandie\",\"publisher\":{\"@id\":\"https:\\\/\\\/cabinet-soudey.fr\\\/#organization\"},\"potentialAction\":[{\"@type\":\"SearchAction\",\"target\":{\"@type\":\"EntryPoint\",\"urlTemplate\":\"https:\\\/\\\/cabinet-soudey.fr\\\/?s={search_term_string}\"},\"query-input\":{\"@type\":\"PropertyValueSpecification\",\"valueRequired\":true,\"valueName\":\"search_term_string\"}}],\"inLanguage\":\"en-GB\"},{\"@type\":\"Organization\",\"@id\":\"https:\\\/\\\/cabinet-soudey.fr\\\/#organization\",\"name\":\"Cabinet Soudey - Immobilier \u00e0 Veules les Roses\",\"url\":\"https:\\\/\\\/cabinet-soudey.fr\\\/\",\"logo\":{\"@type\":\"ImageObject\",\"inLanguage\":\"en-GB\",\"@id\":\"https:\\\/\\\/cabinet-soudey.fr\\\/#\\\/schema\\\/logo\\\/image\\\/\",\"url\":\"https:\\\/\\\/www.cabinet-soudey.fr\\\/wp-content\\\/uploads\\\/2020\\\/02\\\/logo-new-cropped.png\",\"contentUrl\":\"https:\\\/\\\/www.cabinet-soudey.fr\\\/wp-content\\\/uploads\\\/2020\\\/02\\\/logo-new-cropped.png\",\"width\":452,\"height\":469,\"caption\":\"Cabinet Soudey - Immobilier \u00e0 Veules les Roses\"},\"image\":{\"@id\":\"https:\\\/\\\/cabinet-soudey.fr\\\/#\\\/schema\\\/logo\\\/image\\\/\"}}]}<\/script>\n<!-- \/ Yoast SEO plugin. -->","yoast_head_json":{"title":"Page d\u2019exemple - Cabinet Soudey | Veules Les Roses Immobilier","robots":{"index":"index","follow":"follow","max-snippet":"max-snippet:-1","max-image-preview":"max-image-preview:large","max-video-preview":"max-video-preview:-1"},"canonical":"https:\/\/cabinet-soudey.fr\/en\/page-d-exemple\/","og_locale":"en_GB","og_type":"article","og_title":"Page d\u2019exemple - Cabinet Soudey | Veules Les Roses Immobilier","og_description":"Ceci est une page d\u2019exemple. C\u2019est diff\u00e9rent d\u2019un article de blog parce qu\u2019elle restera au m\u00eame endroit et appara\u00eetra dans la navigation de votre site (dans la plupart des th\u00e8mes). La plupart des gens commencent par une page \u00ab\u00a0\u00c0 propos\u00a0\u00bb qui les pr\u00e9sente aux visiteurs du site. Cela pourrait ressembler \u00e0 quelque chose comme cela\u00a0: [&hellip;]","og_url":"https:\/\/cabinet-soudey.fr\/en\/page-d-exemple\/","og_site_name":"Cabinet Soudey | Veules Les Roses Immobilier","twitter_card":"summary_large_image","twitter_misc":{"Estimated reading time":"1 minute"},"schema":{"@context":"https:\/\/schema.org","@graph":[{"@type":"WebPage","@id":"https:\/\/cabinet-soudey.fr\/page-d-exemple\/","url":"https:\/\/cabinet-soudey.fr\/page-d-exemple\/","name":"Page d\u2019exemple - Cabinet Soudey | Veules Les Roses Immobilier","isPartOf":{"@id":"https:\/\/cabinet-soudey.fr\/#website"},"datePublished":"2019-01-15T12:02:35+00:00","breadcrumb":{"@id":"https:\/\/cabinet-soudey.fr\/page-d-exemple\/#breadcrumb"},"inLanguage":"en-GB","potentialAction":[{"@type":"ReadAction","target":["https:\/\/cabinet-soudey.fr\/page-d-exemple\/"]}]},{"@type":"BreadcrumbList","@id":"https:\/\/cabinet-soudey.fr\/page-d-exemple\/#breadcrumb","itemListElement":[{"@type":"ListItem","position":1,"name":"Home","item":"https:\/\/cabinet-soudey.fr\/"},{"@type":"ListItem","position":2,"name":"Page d\u2019exemple"}]},{"@type":"WebSite","@id":"https:\/\/cabinet-soudey.fr\/#website","url":"https:\/\/cabinet-soudey.fr\/","name":"Cabinet Soudey | Veules Les Roses Immobilier","description":"agence immobili\u00e8re en Normandie","publisher":{"@id":"https:\/\/cabinet-soudey.fr\/#organization"},"potentialAction":[{"@type":"SearchAction","target":{"@type":"EntryPoint","urlTemplate":"https:\/\/cabinet-soudey.fr\/?s={search_term_string}"},"query-input":{"@type":"PropertyValueSpecification","valueRequired":true,"valueName":"search_term_string"}}],"inLanguage":"en-GB"},{"@type":"Organization","@id":"https:\/\/cabinet-soudey.fr\/#organization","name":"Cabinet Soudey - Immobilier \u00e0 Veules les Roses","url":"https:\/\/cabinet-soudey.fr\/","logo":{"@type":"ImageObject","inLanguage":"en-GB","@id":"https:\/\/cabinet-soudey.fr\/#\/schema\/logo\/image\/","url":"https:\/\/www.cabinet-soudey.fr\/wp-content\/uploads\/2020\/02\/logo-new-cropped.png","contentUrl":"https:\/\/www.cabinet-soudey.fr\/wp-content\/uploads\/2020\/02\/logo-new-cropped.png","width":452,"height":469,"caption":"Cabinet Soudey - Immobilier \u00e0 Veules les Roses"},"image":{"@id":"https:\/\/cabinet-soudey.fr\/#\/schema\/logo\/image\/"}}]}},"_links":{"self":[{"href":"https:\/\/cabinet-soudey.fr\/en\/wp-json\/wp\/v2\/pages\/2","targetHints":{"allow":["GET"]}}],"collection":[{"href":"https:\/\/cabinet-soudey.fr\/en\/wp-json\/wp\/v2\/pages"}],"about":[{"href":"https:\/\/cabinet-soudey.fr\/en\/wp-json\/wp\/v2\/types\/page"}],"author":[{"embeddable":true,"href":"https:\/\/cabinet-soudey.fr\/en\/wp-json\/wp\/v2\/users\/2"}],"replies":[{"embeddable":true,"href":"https:\/\/cabinet-soudey.fr\/en\/wp-json\/wp\/v2\/comments?post=2"}],"version-history":[{"count":0,"href":"https:\/\/cabinet-soudey.fr\/en\/wp-json\/wp\/v2\/pages\/2\/revisions"}],"wp:attachment":[{"href":"https:\/\/cabinet-soudey.fr\/en\/wp-json\/wp\/v2\/media?parent=2"}],"curies":[{"name":"wp","href":"https:\/\/api.w.org\/{rel}","templated":true}]}}